{"id":580,"date":"2024-05-27T10:18:03","date_gmt":"2024-05-27T10:18:03","guid":{"rendered":"https:\/\/lead.studiothreeclover.com\/?page_id=580"},"modified":"2024-06-26T16:06:16","modified_gmt":"2024-06-26T16:06:16","slug":"termes-et-conditions","status":"publish","type":"page","link":"https:\/\/lead.studiothreeclover.com\/fr\/termes-et-conditions\/","title":{"rendered":"Termes et conditions"},"content":{"rendered":"\n<p>ENTENTE DE PARTICIPATION AU PROGRAMME D&rsquo;APPRENTISAGE EN LIGNE PROPULSE TON LEADERSHIP<\/p>\n\n\n\n<p>En acceptant ci-dessous, vous acceptez irr\u00e9vocablement que si PROPULSE TON LEADERSHIP (la \u00ab Soci\u00e9t\u00e9 \u00bb ou \u00ab nous \u00bb) approuve votre candidature et vous accepte en tant que participant au programme d&rsquo;apprentissage en ligne Propulse ton Leadership, cet accord devient automatiquement un contrat contraignant entre vous et la Soci\u00e9t\u00e9 et s&rsquo;applique \u00e0 votre participation au Programme.<\/p>\n\n\n\n<p>En acceptant ci-dessous, vous reconnaissez avoir lu et accepter tous les termes et conditions contenus dans cet Accord. Nous nous r\u00e9servons le droit de modifier cet Accord \u00e0 tout moment en vous envoyant une version r\u00e9vis\u00e9e \u00e0 l&rsquo;adresse que vous avez fournie.<\/p>\n\n\n\n<p>De plus, vous acceptez que si vous \u00eates accept\u00e9 dans le Programme, vous \u00eates responsable du paiement int\u00e9gral des frais pour l&rsquo;ensemble du Programme, que vous assistiez ou compl\u00e9tiez effectivement le Programme. Explicitement, aucun cr\u00e9dit ou remboursement ne sera accord\u00e9.<\/p>\n\n\n\n<p>En acceptant ci-dessous, vous acceptez (1) de ne pas porter atteinte aux droits d&rsquo;auteur, brevets, marques d\u00e9pos\u00e9es, secrets commerciaux ou autres droits de propri\u00e9t\u00e9 intellectuelle de la Soci\u00e9t\u00e9, (2) que toute Information Confidentielle partag\u00e9e par tout repr\u00e9sentant de la Soci\u00e9t\u00e9 est confidentielle et Propri\u00e9taire, et appartient uniquement et exclusivement \u00e0 la Soci\u00e9t\u00e9, (3) vous acceptez de ne pas divulguer ces informations \u00e0 toute autre personne ou de les utiliser de toute autre mani\u00e8re que pour vos propres besoins d&rsquo;apprentissage.<\/p>\n\n\n\n<p>En acceptant ci-dessous, vous acceptez en outre que (4) tous les mat\u00e9riaux et informations fournis par la Soci\u00e9t\u00e9 sont sa propri\u00e9t\u00e9 intellectuelle confidentielle et exclusive appartenant uniquement et exclusivement \u00e0 la Soci\u00e9t\u00e9 et ne peuvent \u00eatre utilis\u00e9s par vous que selon les autorisations de la Soci\u00e9t\u00e9, et (5) la reproduction, la distribution et la vente de ces mat\u00e9riaux par quiconque autre que la Soci\u00e9t\u00e9 sont strictement interdites. De plus, en acceptant ci-dessous, vous acceptez que, si vous violez ou pr\u00e9sentez une probabilit\u00e9 de violation de l&rsquo;un de vos engagements contenus dans ce paragraphe, la Soci\u00e9t\u00e9 et\/ou les autres participants au Programme auront droit \u00e0 une injonction pour interdire toute violation afin de prot\u00e9ger contre les dommages de telles violations.<\/p>\n\n\n\n<p>Nous avons fait tout notre possible pour repr\u00e9senter avec pr\u00e9cision le programme et son potentiel. Le succ\u00e8s de chaque individu d\u00e9pend de nombreux facteurs, y compris sa volont\u00e9 de faire le travail, d&rsquo;obtenir le soutien n\u00e9cessaire et son d\u00e9sir de r\u00e9ussir. Et que vous assumez 100 % de responsabilit\u00e9 pour vos r\u00e9sultats.<\/p>\n\n\n\n<p>Le contenu de ce cours &#8211; y compris toutes les informations, qu&rsquo;il s&rsquo;agisse de courriels, de vid\u00e9os, d&rsquo;articles et de mat\u00e9riaux de cours, est fourni \u00e0 titre informatif uniquement et n&rsquo;est pas destin\u00e9 \u00e0 se substituer aux conseils professionnels, diagnostics ou traitements m\u00e9dicaux. Consultez toujours votre m\u00e9decin et d&rsquo;autres prestataires de soins de sant\u00e9 qualifi\u00e9s pour toute question que vous pourriez avoir concernant un probl\u00e8me m\u00e9dical ou de sant\u00e9.<\/p>\n","protected":false},"excerpt":{"rendered":"<p>ENTENTE DE PARTICIPATION AU PROGRAMME D&rsquo;APPRENTISAGE EN LIGNE PROPULSE TON LEADERSHIP En acceptant ci-dessous, vous acceptez irr\u00e9vocablement que si PROPULSE TON LEADERSHIP (la \u00ab Soci\u00e9t\u00e9 \u00bb ou \u00ab nous \u00bb) approuve votre candidature et vous accepte en tant que participant au programme d&rsquo;apprentissage en ligne Propulse ton Leadership, cet accord devient automatiquement un contrat contraignant [&hellip;]<\/p>\n","protected":false},"author":1,"featured_media":0,"parent":0,"menu_order":0,"comment_status":"closed","ping_status":"closed","template":"","meta":{"_genesis_hide_title":false,"_genesis_hide_breadcrumbs":false,"_genesis_hide_singular_image":false,"_genesis_hide_footer_widgets":false,"_genesis_custom_body_class":"","_genesis_custom_post_class":"","_genesis_layout":"","footnotes":""},"class_list":{"0":"post-580","1":"page","2":"type-page","3":"status-publish","5":"entry"},"yoast_head":"<!-- This site is optimized with the Yoast SEO plugin v22.8 - https:\/\/yoast.com\/wordpress\/plugins\/seo\/ -->\n<title>Termes et conditions - Lead Yourself UP E-Learning Program<\/title>\n<meta name=\"robots\" content=\"noindex, follow, max-snippet:-1, max-image-preview:large, max-video-preview:-1\" \/>\n<meta property=\"og:locale\" content=\"fr_FR\" \/>\n<meta property=\"og:type\" content=\"article\" \/>\n<meta property=\"og:title\" content=\"Termes et conditions - Lead Yourself UP E-Learning Program\" \/>\n<meta property=\"og:description\" content=\"ENTENTE DE PARTICIPATION AU PROGRAMME D&rsquo;APPRENTISAGE EN LIGNE PROPULSE TON LEADERSHIP En acceptant ci-dessous, vous acceptez irr\u00e9vocablement que si PROPULSE TON LEADERSHIP (la \u00ab Soci\u00e9t\u00e9 \u00bb ou \u00ab nous \u00bb) approuve votre candidature et vous accepte en tant que participant au programme d&rsquo;apprentissage en ligne Propulse ton Leadership, cet accord devient automatiquement un contrat contraignant [&hellip;]\" \/>\n<meta property=\"og:url\" content=\"https:\/\/lead.studiothreeclover.com\/fr\/termes-et-conditions\/\" \/>\n<meta property=\"og:site_name\" content=\"Lead Yourself UP E-Learning Program\" \/>\n<meta property=\"article:publisher\" content=\"https:\/\/www.facebook.com\/Leadyourselfup\" \/>\n<meta property=\"article:modified_time\" content=\"2024-06-26T16:06:16+00:00\" \/>\n<meta name=\"twitter:card\" content=\"summary_large_image\" \/>\n<meta name=\"twitter:label1\" content=\"Dur\u00e9e de lecture estim\u00e9e\" \/>\n\t<meta name=\"twitter:data1\" content=\"3 minutes\" \/>\n<script type=\"application\/ld+json\" class=\"yoast-schema-graph\">{\"@context\":\"https:\/\/schema.org\",\"@graph\":[{\"@type\":\"WebPage\",\"@id\":\"https:\/\/lead.studiothreeclover.com\/fr\/termes-et-conditions\/\",\"url\":\"https:\/\/lead.studiothreeclover.com\/fr\/termes-et-conditions\/\",\"name\":\"Termes et conditions - Lead Yourself UP E-Learning Program\",\"isPartOf\":{\"@id\":\"https:\/\/lead.studiothreeclover.com\/fr\/#website\"},\"datePublished\":\"2024-05-27T10:18:03+00:00\",\"dateModified\":\"2024-06-26T16:06:16+00:00\",\"breadcrumb\":{\"@id\":\"https:\/\/lead.studiothreeclover.com\/fr\/termes-et-conditions\/#breadcrumb\"},\"inLanguage\":\"fr-FR\",\"potentialAction\":[{\"@type\":\"ReadAction\",\"target\":[\"https:\/\/lead.studiothreeclover.com\/fr\/termes-et-conditions\/\"]}]},{\"@type\":\"BreadcrumbList\",\"@id\":\"https:\/\/lead.studiothreeclover.com\/fr\/termes-et-conditions\/#breadcrumb\",\"itemListElement\":[{\"@type\":\"ListItem\",\"position\":1,\"name\":\"Home\",\"item\":\"https:\/\/lead.studiothreeclover.com\/fr\/\"},{\"@type\":\"ListItem\",\"position\":2,\"name\":\"Termes et conditions\"}]},{\"@type\":\"WebSite\",\"@id\":\"https:\/\/lead.studiothreeclover.com\/fr\/#website\",\"url\":\"https:\/\/lead.studiothreeclover.com\/fr\/\",\"name\":\"Lead Yourself UP E-Learning Program\",\"description\":\"Create the life you want\",\"publisher\":{\"@id\":\"https:\/\/lead.studiothreeclover.com\/fr\/#organization\"},\"potentialAction\":[{\"@type\":\"SearchAction\",\"target\":{\"@type\":\"EntryPoint\",\"urlTemplate\":\"https:\/\/lead.studiothreeclover.com\/fr\/?s={search_term_string}\"},\"query-input\":\"required name=search_term_string\"}],\"inLanguage\":\"fr-FR\"},{\"@type\":\"Organization\",\"@id\":\"https:\/\/lead.studiothreeclover.com\/fr\/#organization\",\"name\":\"Lead Yourself UP\",\"url\":\"https:\/\/lead.studiothreeclover.com\/fr\/\",\"logo\":{\"@type\":\"ImageObject\",\"inLanguage\":\"fr-FR\",\"@id\":\"https:\/\/lead.studiothreeclover.com\/fr\/#\/schema\/logo\/image\/\",\"url\":\"https:\/\/lead.studiothreeclover.com\/wp-content\/uploads\/2024\/06\/propulse-ton-leadership.png\",\"contentUrl\":\"https:\/\/lead.studiothreeclover.com\/wp-content\/uploads\/2024\/06\/propulse-ton-leadership.png\",\"width\":400,\"height\":129,\"caption\":\"Lead Yourself UP\"},\"image\":{\"@id\":\"https:\/\/lead.studiothreeclover.com\/fr\/#\/schema\/logo\/image\/\"},\"sameAs\":[\"https:\/\/www.facebook.com\/Leadyourselfup\",\"https:\/\/www.linkedin.com\/company\/leadyourselfup\/?originalSubdomain=ca\"]}]}<\/script>\n<!-- \/ Yoast SEO plugin. -->","yoast_head_json":{"title":"Termes et conditions - Lead Yourself UP E-Learning Program","robots":{"index":"noindex","follow":"follow","max-snippet":"max-snippet:-1","max-image-preview":"max-image-preview:large","max-video-preview":"max-video-preview:-1"},"og_locale":"fr_FR","og_type":"article","og_title":"Termes et conditions - Lead Yourself UP E-Learning Program","og_description":"ENTENTE DE PARTICIPATION AU PROGRAMME D&rsquo;APPRENTISAGE EN LIGNE PROPULSE TON LEADERSHIP En acceptant ci-dessous, vous acceptez irr\u00e9vocablement que si PROPULSE TON LEADERSHIP (la \u00ab Soci\u00e9t\u00e9 \u00bb ou \u00ab nous \u00bb) approuve votre candidature et vous accepte en tant que participant au programme d&rsquo;apprentissage en ligne Propulse ton Leadership, cet accord devient automatiquement un contrat contraignant [&hellip;]","og_url":"https:\/\/lead.studiothreeclover.com\/fr\/termes-et-conditions\/","og_site_name":"Lead Yourself UP E-Learning Program","article_publisher":"https:\/\/www.facebook.com\/Leadyourselfup","article_modified_time":"2024-06-26T16:06:16+00:00","twitter_card":"summary_large_image","twitter_misc":{"Dur\u00e9e de lecture estim\u00e9e":"3 minutes"},"schema":{"@context":"https:\/\/schema.org","@graph":[{"@type":"WebPage","@id":"https:\/\/lead.studiothreeclover.com\/fr\/termes-et-conditions\/","url":"https:\/\/lead.studiothreeclover.com\/fr\/termes-et-conditions\/","name":"Termes et conditions - Lead Yourself UP E-Learning Program","isPartOf":{"@id":"https:\/\/lead.studiothreeclover.com\/fr\/#website"},"datePublished":"2024-05-27T10:18:03+00:00","dateModified":"2024-06-26T16:06:16+00:00","breadcrumb":{"@id":"https:\/\/lead.studiothreeclover.com\/fr\/termes-et-conditions\/#breadcrumb"},"inLanguage":"fr-FR","potentialAction":[{"@type":"ReadAction","target":["https:\/\/lead.studiothreeclover.com\/fr\/termes-et-conditions\/"]}]},{"@type":"BreadcrumbList","@id":"https:\/\/lead.studiothreeclover.com\/fr\/termes-et-conditions\/#breadcrumb","itemListElement":[{"@type":"ListItem","position":1,"name":"Home","item":"https:\/\/lead.studiothreeclover.com\/fr\/"},{"@type":"ListItem","position":2,"name":"Termes et conditions"}]},{"@type":"WebSite","@id":"https:\/\/lead.studiothreeclover.com\/fr\/#website","url":"https:\/\/lead.studiothreeclover.com\/fr\/","name":"Lead Yourself UP E-Learning Program","description":"Create the life you want","publisher":{"@id":"https:\/\/lead.studiothreeclover.com\/fr\/#organization"},"potentialAction":[{"@type":"SearchAction","target":{"@type":"EntryPoint","urlTemplate":"https:\/\/lead.studiothreeclover.com\/fr\/?s={search_term_string}"},"query-input":"required name=search_term_string"}],"inLanguage":"fr-FR"},{"@type":"Organization","@id":"https:\/\/lead.studiothreeclover.com\/fr\/#organization","name":"Lead Yourself UP","url":"https:\/\/lead.studiothreeclover.com\/fr\/","logo":{"@type":"ImageObject","inLanguage":"fr-FR","@id":"https:\/\/lead.studiothreeclover.com\/fr\/#\/schema\/logo\/image\/","url":"https:\/\/lead.studiothreeclover.com\/wp-content\/uploads\/2024\/06\/propulse-ton-leadership.png","contentUrl":"https:\/\/lead.studiothreeclover.com\/wp-content\/uploads\/2024\/06\/propulse-ton-leadership.png","width":400,"height":129,"caption":"Lead Yourself UP"},"image":{"@id":"https:\/\/lead.studiothreeclover.com\/fr\/#\/schema\/logo\/image\/"},"sameAs":["https:\/\/www.facebook.com\/Leadyourselfup","https:\/\/www.linkedin.com\/company\/leadyourselfup\/?originalSubdomain=ca"]}]}},"_links":{"self":[{"href":"https:\/\/lead.studiothreeclover.com\/fr\/wp-json\/wp\/v2\/pages\/580","targetHints":{"allow":["GET"]}}],"collection":[{"href":"https:\/\/lead.studiothreeclover.com\/fr\/wp-json\/wp\/v2\/pages"}],"about":[{"href":"https:\/\/lead.studiothreeclover.com\/fr\/wp-json\/wp\/v2\/types\/page"}],"author":[{"embeddable":true,"href":"https:\/\/lead.studiothreeclover.com\/fr\/wp-json\/wp\/v2\/users\/1"}],"replies":[{"embeddable":true,"href":"https:\/\/lead.studiothreeclover.com\/fr\/wp-json\/wp\/v2\/comments?post=580"}],"version-history":[{"count":2,"href":"https:\/\/lead.studiothreeclover.com\/fr\/wp-json\/wp\/v2\/pages\/580\/revisions"}],"predecessor-version":[{"id":591,"href":"https:\/\/lead.studiothreeclover.com\/fr\/wp-json\/wp\/v2\/pages\/580\/revisions\/591"}],"wp:attachment":[{"href":"https:\/\/lead.studiothreeclover.com\/fr\/wp-json\/wp\/v2\/media?parent=580"}],"curies":[{"name":"wp","href":"https:\/\/api.w.org\/{rel}","templated":true}]}}